{"id":22590,"date":"2025-02-06T09:09:41","date_gmt":"2025-02-06T09:09:41","guid":{"rendered":"https:\/\/jemglob.com\/inici\/"},"modified":"2025-02-13T11:11:18","modified_gmt":"2025-02-13T11:11:18","slug":"inici","status":"publish","type":"page","link":"https:\/\/jemglob.com\/ca\/","title":{"rendered":"Inici"},"content":{"rendered":"<p><div class=\"fusion-fullwidth fullwidth-box fusion-builder-row-1 fusion-flex-container has-pattern-background has-mask-background fusion-parallax-none nonhundred-percent-fullwidth non-hundred-percent-height-scrolling lazyload\" style=\"--awb-border-radius-top-left:0px;--awb-border-radius-top-right:0px;--awb-border-radius-bottom-right:0px;--awb-border-radius-bottom-left:0px;--awb-padding-top:8%;--awb-padding-bottom:8%;--awb-background-image:linear-gradient(180deg, rgba(0,0,0,0.5) 0%,rgba(0,0,0,0.5) 100%);;--awb-background-size:cover;--awb-flex-wrap:wrap;\" data-bg=\"https:\/\/jemglob.com\/wp-content\/uploads\/2025\/02\/close-up-car-care-process-1.jpg\" data-bg-gradient=\"linear-gradient(180deg, rgba(0,0,0,0.5) 0%,rgba(0,0,0,0.5) 100%)\" ><div class=\"fusion-builder-row fusion-row fusion-flex-align-items-flex-start fusion-flex-content-wrap\" style=\"max-width:1216.8px;margin-left: calc(-4% \/ 2 );margin-right: calc(-4% \/ 2 );\"><div class=\"fusion-layout-column fusion_builder_column fusion-builder-column-0 fusion_builder_column_1_1 1_1 fusion-flex-column\" style=\"--awb-bg-size:cover;--awb-width-large:100%;--awb-margin-top-large:15px;--awb-spacing-right-large:1.92%;--awb-margin-bottom-large:15px;--awb-spacing-left-large:1.92%;--awb-width-medium:100%;--awb-order-medium:0;--awb-spacing-right-medium:1.92%;--awb-spacing-left-medium:1.92%;--awb-width-small:100%;--awb-order-small:0;--awb-spacing-right-small:1.92%;--awb-spacing-left-small:1.92%;\"><div class=\"fusion-column-wrapper fusion-column-has-shadow fusion-flex-justify-content-flex-start fusion-content-layout-column\"><div class=\"fusion-title title fusion-title-1 fusion-title-text fusion-title-size-one\" style=\"--awb-text-color:#ffffff;--awb-font-size:35px;\"><div class=\"title-sep-container title-sep-container-left fusion-no-large-visibility fusion-no-medium-visibility fusion-no-small-visibility\"><div class=\"title-sep sep- sep-solid\" style=\"border-color:var(--awb-color3);\"><\/div><\/div><span class=\"awb-title-spacer fusion-no-large-visibility fusion-no-medium-visibility fusion-no-small-visibility\"><\/span><h1 class=\"fusion-title-heading title-heading-left fusion-responsive-typography-calculated\" style=\"margin:0;font-size:1em;--fontSize:35;line-height:var(--awb-typography1-line-height);\">Benvingut a JEMGLOB: experts en fars i carcasses per a vehicles de mitjana i alta gamma<\/h1><span class=\"awb-title-spacer\"><\/span><div class=\"title-sep-container title-sep-container-right\"><div class=\"title-sep sep- sep-solid\" style=\"border-color:var(--awb-color3);\"><\/div><\/div><\/div><\/div><\/div><\/div><\/div><div class=\"fusion-fullwidth fullwidth-box fusion-builder-row-2 fusion-flex-container has-pattern-background has-mask-background hundred-percent-fullwidth non-hundred-percent-height-scrolling\" style=\"--awb-border-radius-top-left:0px;--awb-border-radius-top-right:0px;--awb-border-radius-bottom-right:0px;--awb-border-radius-bottom-left:0px;--awb-padding-top:2%;--awb-padding-bottom:2%;--awb-flex-wrap:wrap;\" ><div class=\"fusion-builder-row fusion-row fusion-flex-align-items-center fusion-flex-content-wrap\" style=\"width:104% !important;max-width:104% !important;margin-left: calc(-4% \/ 2 );margin-right: calc(-4% \/ 2 );\"><div class=\"fusion-layout-column fusion_builder_column fusion-builder-column-1 fusion_builder_column_1_2 1_2 fusion-flex-column fusion-flex-align-self-stretch\" style=\"--awb-bg-size:cover;--awb-width-large:50%;--awb-margin-top-large:15px;--awb-spacing-right-large:3.84%;--awb-margin-bottom-large:15px;--awb-spacing-left-large:3.84%;--awb-width-medium:100%;--awb-order-medium:0;--awb-spacing-right-medium:1.92%;--awb-spacing-left-medium:1.92%;--awb-width-small:100%;--awb-order-small:0;--awb-spacing-right-small:1.92%;--awb-spacing-left-small:1.92%;\"><div class=\"fusion-column-wrapper lazyload fusion-column-has-shadow fusion-flex-justify-content-flex-start fusion-content-layout-column fusion-empty-column-bg-image fusion-column-has-bg-image\" data-bg-url=\"https:\/\/jemglob.com\/wp-content\/uploads\/2025\/02\/woman-with-equipment-cleaning-modern-automobile-conception-service-2.jpg\" data-bg=\"https:\/\/jemglob.com\/wp-content\/uploads\/2025\/02\/woman-with-equipment-cleaning-modern-automobile-conception-service-2.jpg\"><img decoding=\"async\" class=\"fusion-empty-dims-img-placeholder\" aria-label=\"woman-with-equipment-cleaning-modern-automobile-conception-service (2)\" src=\"data:image\/svg+xml,%3Csvg%20xmlns%3D%27http%3A%2F%2Fwww.w3.org%2F2000%2Fsvg%27%20width%3D%271500%27%20height%3D%271000%27%20viewBox%3D%270%200%201500%201000%27%3E%3Crect%20width%3D%271500%27%20height%3D%271000%27%20fill-opacity%3D%220%22%2F%3E%3C%2Fsvg%3E\"><\/div><\/div><div class=\"fusion-layout-column fusion_builder_column fusion-builder-column-2 fusion_builder_column_1_2 1_2 fusion-flex-column\" style=\"--awb-bg-size:cover;--awb-width-large:50%;--awb-margin-top-large:15px;--awb-spacing-right-large:3.84%;--awb-margin-bottom-large:15px;--awb-spacing-left-large:3.84%;--awb-width-medium:100%;--awb-order-medium:0;--awb-spacing-right-medium:1.92%;--awb-spacing-left-medium:1.92%;--awb-width-small:100%;--awb-order-small:0;--awb-spacing-right-small:1.92%;--awb-spacing-left-small:1.92%;\"><div class=\"fusion-column-wrapper fusion-column-has-shadow fusion-flex-justify-content-flex-start fusion-content-layout-column\"><div class=\"fusion-text fusion-text-1\"><p>A JEMGLOB ens apassiona mantenir els vehicles en excel\u00b7lents condicions d&#8217;il\u00b7luminaci\u00f3, est\u00e8tica i seguretat. Amb gaireb\u00e9 quatre d\u00e8cades d&#8217;experi\u00e8ncia al sector automotriu, hem perfeccionat les nostres t\u00e8cniques de <strong>reparaci\u00f3, restauraci\u00f3 i substituci\u00f3 de fars<\/strong> per oferir-te solucions r\u00e0pides, efectives i amb una qualitat inigualable. El nostre taller s&#8217;ubica al carrer Navarra 11, a Manresa, per\u00f2 brindem <strong>serveis a tot Espanya<\/strong> , cosa que ens permet atendre clients de diferents racons del pa\u00eds que confien en el nostre professionalisme i dedicaci\u00f3.<\/p>\n<p>Som especialistes en vehicles de mitjana i alta gamma, aix\u00ed com en flotes comercials, furgonetes i camions, cosa que ens ha perm\u00e8s col\u00b7laborar amb <strong>empreses de r\u00e8nting i asseguradores<\/strong> . Gr\u00e0cies a aquesta experi\u00e8ncia, comprenem que cada tipus de vehicle i cada client tenen necessitats \u00faniques; per aix\u00f2, personalitzem cada projecte per garantir resultats a mida. El nostre equip t\u00e8cnic est\u00e0 altament capacitat per avaluar l&#8217;estat dels teus fars i oferir-te la millor alternativa, sigui una restauraci\u00f3 detallada, un poliment professional o la substituci\u00f3 completa de la carcassa.<\/p>\n<\/div><\/div><\/div><\/div><\/div><div class=\"fusion-fullwidth fullwidth-box fusion-builder-row-3 fusion-flex-container has-pattern-background has-mask-background hundred-percent-fullwidth non-hundred-percent-height-scrolling\" style=\"--awb-border-radius-top-left:0px;--awb-border-radius-top-right:0px;--awb-border-radius-bottom-right:0px;--awb-border-radius-bottom-left:0px;--awb-padding-top:2%;--awb-padding-bottom:2%;--awb-flex-wrap:wrap;\" ><div class=\"fusion-builder-row fusion-row fusion-flex-align-items-center fusion-flex-content-wrap\" style=\"width:104% !important;max-width:104% !important;margin-left: calc(-4% \/ 2 );margin-right: calc(-4% \/ 2 );\"><div class=\"fusion-layout-column fusion_builder_column fusion-builder-column-3 fusion_builder_column_1_2 1_2 fusion-flex-column\" style=\"--awb-bg-size:cover;--awb-width-large:50%;--awb-margin-top-large:15px;--awb-spacing-right-large:3.84%;--awb-margin-bottom-large:15px;--awb-spacing-left-large:3.84%;--awb-width-medium:100%;--awb-order-medium:0;--awb-spacing-right-medium:1.92%;--awb-spacing-left-medium:1.92%;--awb-width-small:100%;--awb-order-small:0;--awb-spacing-right-small:1.92%;--awb-spacing-left-small:1.92%;\"><div class=\"fusion-column-wrapper fusion-column-has-shadow fusion-flex-justify-content-flex-start fusion-content-layout-column\"><div class=\"fusion-text fusion-text-2\"><p>A m\u00e9s dels nostres serveis de taller, disposem d&#8217;una <strong>botiga en l\u00ednia<\/strong> on trobar\u00e0s carcasses de fars d&#8217;alta qualitat per a diferents marques i models. Sabem que la disponibilitat de recanvis i accessoris \u00e9s fonamental, especialment quan es tracta de vehicles m\u00e9s exclusius o amb especificacions molt particulars. Per aix\u00f2, a JEMGLOB ens hem assegurat de crear un cat\u00e0leg prou ampli per cobrir la majoria de les necessitats dels nostres clients. Si no trobes el producte que busques, sempre pots posar-te en contacte amb nosaltres; farem tot el possible per aconseguir-ho.<\/p>\n<p>La nostra missi\u00f3 \u00e9s clara: <strong>oferir tranquil\u00b7litat i seguretat<\/strong> al volant, alhora que millorem l&#8217;est\u00e8tica del teu cotxe. Un far en mal estat no nom\u00e9s redueix la visibilitat en condicions nocturnes o de poca llum, sin\u00f3 que tamb\u00e9 pot afectar l?aparen\u00e7a del vehicle. El nostre objectiu \u00e9s tornar-te la confian\u00e7a i la comoditat, amb uns fars que funcionin i llueixin com a nous. Amb un temps aproximat de reparaci\u00f3 de quatre a cinc dies, et garantim la millor relaci\u00f3 entre rapidesa i excel\u00b7l\u00e8ncia al resultat final.<\/p>\n<\/div><\/div><\/div><div class=\"fusion-layout-column fusion_builder_column fusion-builder-column-4 fusion_builder_column_1_2 1_2 fusion-flex-column fusion-flex-align-self-stretch\" style=\"--awb-bg-size:cover;--awb-width-large:50%;--awb-margin-top-large:15px;--awb-spacing-right-large:3.84%;--awb-margin-bottom-large:15px;--awb-spacing-left-large:3.84%;--awb-width-medium:100%;--awb-order-medium:0;--awb-spacing-right-medium:1.92%;--awb-spacing-left-medium:1.92%;--awb-width-small:100%;--awb-order-small:0;--awb-spacing-right-small:1.92%;--awb-spacing-left-small:1.92%;\"><div class=\"fusion-column-wrapper lazyload fusion-column-has-shadow fusion-flex-justify-content-flex-start fusion-content-layout-column fusion-empty-column-bg-image fusion-column-has-bg-image\" data-bg-url=\"https:\/\/jemglob.com\/wp-content\/uploads\/2025\/02\/automobile-exterior-2.jpg\" data-bg=\"https:\/\/jemglob.com\/wp-content\/uploads\/2025\/02\/automobile-exterior-2.jpg\"><img decoding=\"async\" class=\"fusion-empty-dims-img-placeholder\" aria-label=\"automobile-exterior (2)\" src=\"data:image\/svg+xml,%3Csvg%20xmlns%3D%27http%3A%2F%2Fwww.w3.org%2F2000%2Fsvg%27%20width%3D%271500%27%20height%3D%271000%27%20viewBox%3D%270%200%201500%201000%27%3E%3Crect%20width%3D%271500%27%20height%3D%271000%27%20fill-opacity%3D%220%22%2F%3E%3C%2Fsvg%3E\"><\/div><\/div><\/div><\/div><div class=\"fusion-fullwidth fullwidth-box fusion-builder-row-4 fusion-flex-container has-pattern-background has-mask-background hundred-percent-fullwidth non-hundred-percent-height-scrolling\" style=\"--awb-border-radius-top-left:0px;--awb-border-radius-top-right:0px;--awb-border-radius-bottom-right:0px;--awb-border-radius-bottom-left:0px;--awb-padding-top:2%;--awb-padding-bottom:2%;--awb-flex-wrap:wrap;\" ><div class=\"fusion-builder-row fusion-row fusion-flex-align-items-center fusion-flex-content-wrap\" style=\"width:104% !important;max-width:104% !important;margin-left: calc(-4% \/ 2 );margin-right: calc(-4% \/ 2 );\"><div class=\"fusion-layout-column fusion_builder_column fusion-builder-column-5 fusion_builder_column_1_2 1_2 fusion-flex-column fusion-flex-align-self-stretch\" style=\"--awb-bg-size:cover;--awb-width-large:50%;--awb-margin-top-large:15px;--awb-spacing-right-large:3.84%;--awb-margin-bottom-large:15px;--awb-spacing-left-large:3.84%;--awb-width-medium:100%;--awb-order-medium:0;--awb-spacing-right-medium:1.92%;--awb-spacing-left-medium:1.92%;--awb-width-small:100%;--awb-order-small:0;--awb-spacing-right-small:1.92%;--awb-spacing-left-small:1.92%;\"><div class=\"fusion-column-wrapper lazyload fusion-column-has-shadow fusion-flex-justify-content-flex-start fusion-content-layout-column fusion-empty-column-bg-image fusion-column-has-bg-image\" data-bg-url=\"https:\/\/jemglob.com\/wp-content\/uploads\/2025\/02\/man-repairman-polishing-car-headlights-with-machine-workshop-closeup-car-service-concept-2.jpg\" data-bg=\"https:\/\/jemglob.com\/wp-content\/uploads\/2025\/02\/man-repairman-polishing-car-headlights-with-machine-workshop-closeup-car-service-concept-2.jpg\"><img decoding=\"async\" class=\"fusion-empty-dims-img-placeholder\" aria-label=\"man-repairman-polishing-car-headlights-with-machine-workshop-closeup-car-service-concept (2)\" src=\"data:image\/svg+xml,%3Csvg%20xmlns%3D%27http%3A%2F%2Fwww.w3.org%2F2000%2Fsvg%27%20width%3D%271500%27%20height%3D%271000%27%20viewBox%3D%270%200%201500%201000%27%3E%3Crect%20width%3D%271500%27%20height%3D%271000%27%20fill-opacity%3D%220%22%2F%3E%3C%2Fsvg%3E\"><\/div><\/div><div class=\"fusion-layout-column fusion_builder_column fusion-builder-column-6 fusion_builder_column_1_2 1_2 fusion-flex-column\" style=\"--awb-bg-size:cover;--awb-width-large:50%;--awb-margin-top-large:15px;--awb-spacing-right-large:3.84%;--awb-margin-bottom-large:15px;--awb-spacing-left-large:3.84%;--awb-width-medium:100%;--awb-order-medium:0;--awb-spacing-right-medium:1.92%;--awb-spacing-left-medium:1.92%;--awb-width-small:100%;--awb-order-small:0;--awb-spacing-right-small:1.92%;--awb-spacing-left-small:1.92%;\"><div class=\"fusion-column-wrapper fusion-column-has-shadow fusion-flex-justify-content-flex-start fusion-content-layout-column\"><div class=\"fusion-text fusion-text-3\"><p>A JEMGLOB, treballem amb un enfocament integral, atenent cada detall de la reparaci\u00f3 o substituci\u00f3. Des del primer contacte, t&#8217;assessorem sobre les opcions m\u00e9s viables i transparentem els costos, ja que sabem com \u00e9s de valu\u00f3s comptar amb un pressupost ajustat a la realitat del mercat. En finalitzar el proc\u00e9s, realitzem controls de qualitat per verificar que els fars compleixin els m\u00e9s alts est\u00e0ndards de funcionament i resist\u00e8ncia.<\/p>\n<p>Et convidem a explorar el nostre lloc web per con\u00e8ixer en profunditat tots els serveis que oferim, aix\u00ed com el nostre ampli cat\u00e0leg de productes. Volem convertir-nos en el teu aliat de confian\u00e7a per al manteniment i la reparaci\u00f3 de fars, i per aix\u00f2 posem a la teva disposici\u00f3 una atenci\u00f3 personalitzada i un equip de professionals que estar\u00e0 encantat de resoldre qualsevol dubte. Si desitges m\u00e9s informaci\u00f3 o un <strong>pressupost sense comprom\u00eds<\/strong> , no dubtis en contactar-nos a trav\u00e9s del n\u00famero 606 94 93 70 o del nostre formulari de contacte<\/p>\n<\/div><\/div><\/div><\/div><\/div><div class=\"fusion-fullwidth fullwidth-box fusion-builder-row-5 fusion-flex-container has-pattern-background has-mask-background nonhundred-percent-fullwidth non-hundred-percent-height-scrolling\" style=\"--awb-border-radius-top-left:0px;--awb-border-radius-top-right:0px;--awb-border-radius-bottom-right:0px;--awb-border-radius-bottom-left:0px;--awb-padding-top:2%;--awb-padding-bottom:2%;--awb-flex-wrap:wrap;\" ><div class=\"fusion-builder-row fusion-row fusion-flex-align-items-flex-start fusion-flex-content-wrap\" style=\"max-width:1216.8px;margin-left: calc(-4% \/ 2 );margin-right: calc(-4% \/ 2 );\"><div class=\"fusion-layout-column fusion_builder_column fusion-builder-column-7 fusion_builder_column_1_1 1_1 fusion-flex-column\" style=\"--awb-padding-top:5%;--awb-padding-right:5%;--awb-padding-bottom:5%;--awb-padding-left:5%;--awb-bg-color:var(--awb-color2);--awb-bg-color-hover:var(--awb-color2);--awb-bg-size:cover;--awb-width-large:100%;--awb-margin-top-large:15px;--awb-spacing-right-large:1.92%;--awb-margin-bottom-large:15px;--awb-spacing-left-large:1.92%;--awb-width-medium:100%;--awb-order-medium:0;--awb-spacing-right-medium:1.92%;--awb-spacing-left-medium:1.92%;--awb-width-small:100%;--awb-order-small:0;--awb-spacing-right-small:1.92%;--awb-spacing-left-small:1.92%;\"><div class=\"fusion-column-wrapper fusion-column-has-shadow fusion-flex-justify-content-flex-start fusion-content-layout-column\"><div class=\"fusion-text fusion-text-4\"><p>L&#8217;equip de JEMGLOB us agraeix la visita i us anima a descobrir com podem ajudar-vos a mantenir els vostres fars en perfecte estat. Benvingut a la fam\u00edlia JEMGLOB, on la seguretat, la qualitat i la satisfacci\u00f3 dels nostres clients s\u00f3n la m\u00e0xima prioritat!<\/p>\n<\/div><div ><a class=\"fusion-button button-flat fusion-button-default-size button-default fusion-button-default button-1 fusion-button-default-span fusion-button-default-type\" target=\"_self\" href=\"https:\/\/jemglob.com\/ca\/contacte\/\"><span class=\"fusion-button-text\">Contacta amb nosaltres<\/span><\/a><\/div><\/div><\/div><\/div><\/div><\/p>\n","protected":false},"excerpt":{"rendered":"","protected":false},"author":1,"featured_media":0,"parent":0,"menu_order":0,"comment_status":"closed","ping_status":"closed","template":"100-width.php","meta":{"footnotes":""},"class_list":["post-22590","page","type-page","status-publish","hentry"],"_links":{"self":[{"href":"https:\/\/jemglob.com\/ca\/wp-json\/wp\/v2\/pages\/22590","targetHints":{"allow":["GET"]}}],"collection":[{"href":"https:\/\/jemglob.com\/ca\/wp-json\/wp\/v2\/pages"}],"about":[{"href":"https:\/\/jemglob.com\/ca\/wp-json\/wp\/v2\/types\/page"}],"author":[{"embeddable":true,"href":"https:\/\/jemglob.com\/ca\/wp-json\/wp\/v2\/users\/1"}],"replies":[{"embeddable":true,"href":"https:\/\/jemglob.com\/ca\/wp-json\/wp\/v2\/comments?post=22590"}],"version-history":[{"count":6,"href":"https:\/\/jemglob.com\/ca\/wp-json\/wp\/v2\/pages\/22590\/revisions"}],"predecessor-version":[{"id":22614,"href":"https:\/\/jemglob.com\/ca\/wp-json\/wp\/v2\/pages\/22590\/revisions\/22614"}],"wp:attachment":[{"href":"https:\/\/jemglob.com\/ca\/wp-json\/wp\/v2\/media?parent=22590"}],"curies":[{"name":"wp","href":"https:\/\/api.w.org\/{rel}","templated":true}]}}