{"id":22596,"date":"2025-02-06T09:24:19","date_gmt":"2025-02-06T09:24:19","guid":{"rendered":"https:\/\/jemglob.com\/serveis\/"},"modified":"2025-02-13T11:11:18","modified_gmt":"2025-02-13T11:11:18","slug":"serveis","status":"publish","type":"page","link":"https:\/\/jemglob.com\/ca\/serveis\/","title":{"rendered":"Serveis"},"content":{"rendered":"<p><div class=\"fusion-fullwidth fullwidth-box fusion-builder-row-1 fusion-flex-container has-pattern-background has-mask-background nonhundred-percent-fullwidth non-hundred-percent-height-scrolling\" style=\"--awb-border-radius-top-left:0px;--awb-border-radius-top-right:0px;--awb-border-radius-bottom-right:0px;--awb-border-radius-bottom-left:0px;--awb-background-color:var(--awb-color2);--awb-flex-wrap:wrap;\" ><div class=\"fusion-builder-row fusion-row fusion-flex-align-items-flex-start fusion-flex-content-wrap\" style=\"max-width:1216.8px;margin-left: calc(-4% \/ 2 );margin-right: calc(-4% \/ 2 );\"><div class=\"fusion-layout-column fusion_builder_column fusion-builder-column-0 fusion_builder_column_1_1 1_1 fusion-flex-column\" style=\"--awb-bg-size:cover;--awb-width-large:100%;--awb-margin-top-large:15px;--awb-spacing-right-large:1.92%;--awb-margin-bottom-large:15px;--awb-spacing-left-large:1.92%;--awb-width-medium:100%;--awb-order-medium:0;--awb-spacing-right-medium:1.92%;--awb-spacing-left-medium:1.92%;--awb-width-small:100%;--awb-order-small:0;--awb-spacing-right-small:1.92%;--awb-spacing-left-small:1.92%;\"><div class=\"fusion-column-wrapper fusion-column-has-shadow fusion-flex-justify-content-flex-start fusion-content-layout-column\"><div class=\"fusion-title title fusion-title-1 fusion-title-center fusion-title-text fusion-title-size-one\"><div class=\"title-sep-container title-sep-container-left\"><div class=\"title-sep sep- sep-solid\" style=\"border-color:var(--awb-color3);\"><\/div><\/div><span class=\"awb-title-spacer\"><\/span><h1 class=\"fusion-title-heading title-heading-center fusion-responsive-typography-calculated\" style=\"margin:0;--fontSize:50;line-height:var(--awb-typography1-line-height);\">Serveis<\/h1><span class=\"awb-title-spacer\"><\/span><div class=\"title-sep-container title-sep-container-right\"><div class=\"title-sep sep- sep-solid\" style=\"border-color:var(--awb-color3);\"><\/div><\/div><\/div><\/div><\/div><\/div><\/div><div class=\"fusion-fullwidth fullwidth-box fusion-builder-row-2 fusion-flex-container has-pattern-background has-mask-background hundred-percent-fullwidth non-hundred-percent-height-scrolling\" style=\"--awb-border-radius-top-left:0px;--awb-border-radius-top-right:0px;--awb-border-radius-bottom-right:0px;--awb-border-radius-bottom-left:0px;--awb-padding-top:2%;--awb-padding-bottom:2%;--awb-flex-wrap:wrap;\" ><div class=\"fusion-builder-row fusion-row fusion-flex-align-items-center fusion-flex-content-wrap\" style=\"width:104% !important;max-width:104% !important;margin-left: calc(-4% \/ 2 );margin-right: calc(-4% \/ 2 );\"><div class=\"fusion-layout-column fusion_builder_column fusion-builder-column-1 fusion_builder_column_1_2 1_2 fusion-flex-column\" style=\"--awb-bg-size:cover;--awb-width-large:50%;--awb-margin-top-large:15px;--awb-spacing-right-large:3.84%;--awb-margin-bottom-large:15px;--awb-spacing-left-large:3.84%;--awb-width-medium:100%;--awb-order-medium:0;--awb-spacing-right-medium:1.92%;--awb-spacing-left-medium:1.92%;--awb-width-small:100%;--awb-order-small:0;--awb-spacing-right-small:1.92%;--awb-spacing-left-small:1.92%;\"><div class=\"fusion-column-wrapper fusion-column-has-shadow fusion-flex-justify-content-flex-start fusion-content-layout-column\"><div class=\"fusion-title title fusion-title-2 fusion-title-text fusion-title-size-two\" style=\"--awb-font-size:30px;\"><div class=\"title-sep-container title-sep-container-left fusion-no-large-visibility fusion-no-medium-visibility fusion-no-small-visibility\"><div class=\"title-sep sep- sep-solid\" style=\"border-color:var(--awb-color3);\"><\/div><\/div><span class=\"awb-title-spacer fusion-no-large-visibility fusion-no-medium-visibility fusion-no-small-visibility\"><\/span><h2 class=\"fusion-title-heading title-heading-left fusion-responsive-typography-calculated\" style=\"margin:0;font-size:1em;--fontSize:30;line-height:var(--awb-typography1-line-height);\">Especialistes en reparacions, restauracions i m\u00e9s: coneix tot el que podem fer per tu<\/h2><span class=\"awb-title-spacer\"><\/span><div class=\"title-sep-container title-sep-container-right\"><div class=\"title-sep sep- sep-solid\" style=\"border-color:var(--awb-color3);\"><\/div><\/div><\/div><div class=\"fusion-text fusion-text-1\"><p>A JEMGLOB, comprenem que cada far \u00e9s diferent i que no totes les reparacions o serveis poden seguir el mateix procediment. Per aix\u00f2, hem dissenyat un dossier de <strong>serveis especialitzats<\/strong> per cobrir cada aspecte relacionat amb la il\u00b7luminaci\u00f3 del teu vehicle. A continuaci\u00f3, trobar\u00e0s un detall de les principals solucions que et podem oferir:<\/p>\n<\/div><\/div><\/div><div class=\"fusion-layout-column fusion_builder_column fusion-builder-column-2 fusion_builder_column_1_2 1_2 fusion-flex-column fusion-flex-align-self-stretch\" style=\"--awb-bg-size:cover;--awb-width-large:50%;--awb-margin-top-large:15px;--awb-spacing-right-large:3.84%;--awb-margin-bottom-large:15px;--awb-spacing-left-large:3.84%;--awb-width-medium:100%;--awb-order-medium:0;--awb-spacing-right-medium:1.92%;--awb-spacing-left-medium:1.92%;--awb-width-small:100%;--awb-order-small:0;--awb-spacing-right-small:1.92%;--awb-spacing-left-small:1.92%;\"><div class=\"fusion-column-wrapper lazyload fusion-column-has-shadow fusion-flex-justify-content-center fusion-content-layout-column fusion-empty-column-bg-image fusion-column-has-bg-image\" data-bg-url=\"https:\/\/jemglob.com\/wp-content\/uploads\/2025\/02\/replacing-spare-parts-disassembled-car-car-service-garage-1.jpg\" data-bg=\"https:\/\/jemglob.com\/wp-content\/uploads\/2025\/02\/replacing-spare-parts-disassembled-car-car-service-garage-1.jpg\"><img decoding=\"async\" class=\"fusion-empty-dims-img-placeholder\" aria-label=\"replacing-spare-parts-disassembled-car-car-service-garage (1)\" src=\"data:image\/svg+xml,%3Csvg%20xmlns%3D%27http%3A%2F%2Fwww.w3.org%2F2000%2Fsvg%27%20width%3D%271500%27%20height%3D%27999%27%20viewBox%3D%270%200%201500%20999%27%3E%3Crect%20width%3D%271500%27%20height%3D%27999%27%20fill-opacity%3D%220%22%2F%3E%3C%2Fsvg%3E\"><\/div><\/div><\/div><\/div><div class=\"fusion-fullwidth fullwidth-box fusion-builder-row-3 fusion-flex-container has-pattern-background has-mask-background hundred-percent-fullwidth non-hundred-percent-height-scrolling\" style=\"--awb-border-radius-top-left:0px;--awb-border-radius-top-right:0px;--awb-border-radius-bottom-right:0px;--awb-border-radius-bottom-left:0px;--awb-padding-top:2%;--awb-padding-bottom:2%;--awb-flex-wrap:wrap;\" ><div class=\"fusion-builder-row fusion-row fusion-flex-align-items-flex-start fusion-flex-content-wrap\" style=\"width:104% !important;max-width:104% !important;margin-left: calc(-4% \/ 2 );margin-right: calc(-4% \/ 2 );\"><div class=\"fusion-layout-column fusion_builder_column fusion-builder-column-3 fusion_builder_column_1_2 1_2 fusion-flex-column\" style=\"--awb-bg-size:cover;--awb-width-large:50%;--awb-margin-top-large:15px;--awb-spacing-right-large:3.84%;--awb-margin-bottom-large:15px;--awb-spacing-left-large:3.84%;--awb-width-medium:100%;--awb-order-medium:0;--awb-spacing-right-medium:1.92%;--awb-spacing-left-medium:1.92%;--awb-width-small:100%;--awb-order-small:0;--awb-spacing-right-small:1.92%;--awb-spacing-left-small:1.92%;\"><div class=\"fusion-column-wrapper fusion-column-has-shadow fusion-flex-justify-content-flex-start fusion-content-layout-column\"><ul style=\"--awb-line-height:23.8px;--awb-icon-width:23.8px;--awb-icon-height:23.8px;--awb-icon-margin:9.8px;--awb-content-margin:33.6px;--awb-circlecolor:var(--awb-color5);--awb-circle-yes-font-size:12.32px;\" class=\"fusion-checklist fusion-checklist-1 fusion-checklist-default type-icons\"><li class=\"fusion-li-item\" style=\"\"><span class=\"icon-wrapper circle-yes\"><i class=\"fusion-li-icon awb-icon-check\" aria-hidden=\"true\"><\/i><\/span><div class=\"fusion-li-item-content\">\n<p><strong>Reparaci\u00f3 de Fars davanters i del darrere<\/strong><br \/> El nostre servei estrella consisteix en la reparaci\u00f3 integral de fars davanters i del darrere. Independentment de si el vostre vehicle presenta esquerdes, condensaci\u00f3 d&#8217;humitat, falles el\u00e8ctriques o danys a les carcasses, el nostre equip compta amb l&#8217;experi\u00e8ncia necess\u00e0ria per diagnosticar el problema amb precisi\u00f3 i aplicar la soluci\u00f3 m\u00e9s adequada. Si cal canviar bombetes o components interns, disposem de recanvis d&#8217;alta qualitat que prolongaran la vida \u00fatil dels teus fars.<\/p>\n<\/div><\/li><li class=\"fusion-li-item\" style=\"\"><span class=\"icon-wrapper circle-yes\"><i class=\"fusion-li-icon awb-icon-check\" aria-hidden=\"true\"><\/i><\/span><div class=\"fusion-li-item-content\">\n<p><strong>Restauraci\u00f3 i Poliment<\/strong><br \/> El desgast diari, l&#8217;exposici\u00f3 al sol i les condicions clim\u00e0tiques poden opacar o esgrogueir els teus fars, afectant-ne tant l&#8217;est\u00e8tica com la capacitat d&#8217;il\u00b7luminaci\u00f3. A JEMGLOB, fem servir t\u00e8cniques professionals de poliment i restauraci\u00f3 per tornar-los la claredat i la brillantor original, millorant de forma immediata la visibilitat a la carretera i l&#8217;aparen\u00e7a del teu cotxe. A m\u00e9s, incloem un segellat protector que retarda la formaci\u00f3 de nous desgasts.<\/p>\n<\/div><\/li><li class=\"fusion-li-item\" style=\"\"><span class=\"icon-wrapper circle-yes\"><i class=\"fusion-li-icon awb-icon-check\" aria-hidden=\"true\"><\/i><\/span><div class=\"fusion-li-item-content\">\n<p><strong>Substituci\u00f3 de Carcasses<\/strong><br \/> Quan els danys a la carcassa s\u00f3n massa severs o si el client busca una renovaci\u00f3 total, oferim la substituci\u00f3 completa de carcasses. Treballem amb prove\u00efdors de m\u00e0xima confian\u00e7a per assegurar-nos que cada carcassa sigui completament compatible amb la teva marca i el teu model de vehicle. Aquest servei \u00e9s especialment \u00fatil per a vehicles de mitjana i alta gamma en qu\u00e8 la qualitat de la pe\u00e7a \u00e9s essencial per mantenir l&#8217;est\u00e0ndard est\u00e8tic i funcional.<\/p>\n<\/div><\/li><\/ul><\/div><\/div><div class=\"fusion-layout-column fusion_builder_column fusion-builder-column-4 fusion_builder_column_1_2 1_2 fusion-flex-column\" style=\"--awb-bg-size:cover;--awb-width-large:50%;--awb-margin-top-large:15px;--awb-spacing-right-large:3.84%;--awb-margin-bottom-large:15px;--awb-spacing-left-large:3.84%;--awb-width-medium:100%;--awb-order-medium:0;--awb-spacing-right-medium:1.92%;--awb-spacing-left-medium:1.92%;--awb-width-small:100%;--awb-order-small:0;--awb-spacing-right-small:1.92%;--awb-spacing-left-small:1.92%;\"><div class=\"fusion-column-wrapper fusion-column-has-shadow fusion-flex-justify-content-flex-start fusion-content-layout-column\"><ul style=\"--awb-line-height:23.8px;--awb-icon-width:23.8px;--awb-icon-height:23.8px;--awb-icon-margin:9.8px;--awb-content-margin:33.6px;--awb-circlecolor:var(--awb-color5);--awb-circle-yes-font-size:12.32px;\" class=\"fusion-checklist fusion-checklist-2 fusion-checklist-default type-icons\"><li class=\"fusion-li-item\" style=\"\"><span class=\"icon-wrapper circle-yes\"><i class=\"fusion-li-icon awb-icon-check\" aria-hidden=\"true\"><\/i><\/span><div class=\"fusion-li-item-content\">\n<p><strong>Venda de Recanvis i Accessoris<\/strong><br \/> Gr\u00e0cies a la nostra botiga online, no nom\u00e9s realitzem el muntatge de les peces al nostre taller, sin\u00f3 que tamb\u00e9 donem l&#8217;opci\u00f3 als nostres clients d&#8217;adquirir recanvis i accessoris per a la posterior instal\u00b7laci\u00f3 en un altre establiment de la seva prefer\u00e8ncia. Trobar\u00e0s carcasses, bombetes, kits de neteja i altres elements dissenyats per optimitzar la il\u00b7luminaci\u00f3 del vehicle.<\/p>\n<\/div><\/li><li class=\"fusion-li-item\" style=\"\"><span class=\"icon-wrapper circle-yes\"><i class=\"fusion-li-icon awb-icon-check\" aria-hidden=\"true\"><\/i><\/span><div class=\"fusion-li-item-content\">\n<p><strong>Serveis per a Flotes i R\u00e8nting<\/strong><br \/> Treballem de la m\u00e0 amb empreses de r\u00e8nting i gestionem la reparaci\u00f3 de flotes de vehicles per a asseguradores i corporacions que busquen un prove\u00efdor fiable, r\u00e0pid i amb preus ajustats a les vostres necessitats. Sabem com n&#8217;\u00e9s d&#8217;important mantenir la seguretat de diversos vehicles en constant moviment, per la qual cosa oferim tarifes personalitzades i condicions especials per a grans volums.<\/p>\n<\/div><\/li><li class=\"fusion-li-item\" style=\"\"><span class=\"icon-wrapper circle-yes\"><i class=\"fusion-li-icon awb-icon-check\" aria-hidden=\"true\"><\/i><\/span><div class=\"fusion-li-item-content\">\n<p><strong>Assessoria Especialitzada<\/strong><br \/> M\u00e9s enll\u00e0 de la reparaci\u00f3 o substituci\u00f3, a JEMGLOB ens preocupem per la prevenci\u00f3 i el manteniment \u00f2ptim dels teus fars. El nostre personal est\u00e0 capacitat per orientar-te en les pr\u00e0ctiques de neteja i cura di\u00e0ria, aix\u00ed com per informar-te sobre les darreres tend\u00e8ncies en tecnologia d&#8217;il\u00b7luminaci\u00f3 automotriu. Volem que prenguis la millor decisi\u00f3 basada en el teu pressupost i necessitats espec\u00edfiques.<\/p>\n<\/div><\/li><\/ul><\/div><\/div><\/div><\/div><div class=\"fusion-fullwidth fullwidth-box fusion-builder-row-4 fusion-flex-container has-pattern-background has-mask-background hundred-percent-fullwidth non-hundred-percent-height-scrolling\" style=\"--awb-border-radius-top-left:0px;--awb-border-radius-top-right:0px;--awb-border-radius-bottom-right:0px;--awb-border-radius-bottom-left:0px;--awb-padding-top:2%;--awb-padding-bottom:2%;--awb-flex-wrap:wrap;\" ><div class=\"fusion-builder-row fusion-row fusion-flex-align-items-center fusion-flex-content-wrap\" style=\"width:104% !important;max-width:104% !important;margin-left: calc(-4% \/ 2 );margin-right: calc(-4% \/ 2 );\"><div class=\"fusion-layout-column fusion_builder_column fusion-builder-column-5 fusion_builder_column_1_2 1_2 fusion-flex-column\" style=\"--awb-bg-size:cover;--awb-width-large:50%;--awb-margin-top-large:15px;--awb-spacing-right-large:3.84%;--awb-margin-bottom-large:15px;--awb-spacing-left-large:3.84%;--awb-width-medium:100%;--awb-order-medium:0;--awb-spacing-right-medium:1.92%;--awb-spacing-left-medium:1.92%;--awb-width-small:100%;--awb-order-small:0;--awb-spacing-right-small:1.92%;--awb-spacing-left-small:1.92%;\"><div class=\"fusion-column-wrapper fusion-column-has-shadow fusion-flex-justify-content-flex-start fusion-content-layout-column\"><div class=\"fusion-text fusion-text-2\"><p>A cadascun dels nostres serveis, cuidem fins al m\u00e9s m\u00ednim detall. Els nostres t\u00e8cnics treballen amb eines de darrera generaci\u00f3 i, a m\u00e9s, comptem amb protocols de control de qualitat abans del lliurament final del vehicle. El proc\u00e9s de reparaci\u00f3 o restauraci\u00f3 pot portar, de mitjana, <strong>entre 4 i 5 dies<\/strong> , depenent de la complexitat del cas i la disponibilitat de les peces necess\u00e0ries.<\/p>\n<p>Si vols m\u00e9s informaci\u00f3 o un diagn\u00f2stic preliminar, et convidem a <strong>contactar-nos<\/strong> per programar una cita al nostre taller de Manresa. El nostre equip estar\u00e0 encantat de resoldre els vostres dubtes i preparar un pressupost sense comprom\u00eds. A JEMGLOB, estem a punt per portar la il\u00b7luminaci\u00f3 del teu vehicle al seg\u00fcent nivell, assegurant la millor visibilitat i protegint la teva inversi\u00f3 de forma efica\u00e7.<\/p>\n<\/div><\/div><\/div><div class=\"fusion-layout-column fusion_builder_column fusion-builder-column-6 fusion_builder_column_1_2 1_2 fusion-flex-column fusion-flex-align-self-stretch\" style=\"--awb-bg-size:cover;--awb-width-large:50%;--awb-margin-top-large:15px;--awb-spacing-right-large:3.84%;--awb-margin-bottom-large:15px;--awb-spacing-left-large:3.84%;--awb-width-medium:100%;--awb-order-medium:0;--awb-spacing-right-medium:1.92%;--awb-spacing-left-medium:1.92%;--awb-width-small:100%;--awb-order-small:0;--awb-spacing-right-small:1.92%;--awb-spacing-left-small:1.92%;\"><div class=\"fusion-column-wrapper lazyload fusion-column-has-shadow fusion-flex-justify-content-center fusion-content-layout-column fusion-empty-column-bg-image fusion-column-has-bg-image\" data-bg-url=\"https:\/\/jemglob.com\/wp-content\/uploads\/2025\/02\/auto-detailing-car-headlights-carwash-service-1.jpg\" data-bg=\"https:\/\/jemglob.com\/wp-content\/uploads\/2025\/02\/auto-detailing-car-headlights-carwash-service-1.jpg\"><img decoding=\"async\" class=\"fusion-empty-dims-img-placeholder\" aria-label=\"auto-detailing-car-headlights-carwash-service (1)\" src=\"data:image\/svg+xml,%3Csvg%20xmlns%3D%27http%3A%2F%2Fwww.w3.org%2F2000%2Fsvg%27%20width%3D%271500%27%20height%3D%271001%27%20viewBox%3D%270%200%201500%201001%27%3E%3Crect%20width%3D%271500%27%20height%3D%271001%27%20fill-opacity%3D%220%22%2F%3E%3C%2Fsvg%3E\"><\/div><\/div><\/div><\/div><\/p>\n","protected":false},"excerpt":{"rendered":"","protected":false},"author":1,"featured_media":0,"parent":0,"menu_order":0,"comment_status":"closed","ping_status":"closed","template":"100-width.php","meta":{"footnotes":""},"class_list":["post-22596","page","type-page","status-publish","hentry"],"_links":{"self":[{"href":"https:\/\/jemglob.com\/ca\/wp-json\/wp\/v2\/pages\/22596","targetHints":{"allow":["GET"]}}],"collection":[{"href":"https:\/\/jemglob.com\/ca\/wp-json\/wp\/v2\/pages"}],"about":[{"href":"https:\/\/jemglob.com\/ca\/wp-json\/wp\/v2\/types\/page"}],"author":[{"embeddable":true,"href":"https:\/\/jemglob.com\/ca\/wp-json\/wp\/v2\/users\/1"}],"replies":[{"embeddable":true,"href":"https:\/\/jemglob.com\/ca\/wp-json\/wp\/v2\/comments?post=22596"}],"version-history":[{"count":1,"href":"https:\/\/jemglob.com\/ca\/wp-json\/wp\/v2\/pages\/22596\/revisions"}],"predecessor-version":[{"id":22600,"href":"https:\/\/jemglob.com\/ca\/wp-json\/wp\/v2\/pages\/22596\/revisions\/22600"}],"wp:attachment":[{"href":"https:\/\/jemglob.com\/ca\/wp-json\/wp\/v2\/media?parent=22596"}],"curies":[{"name":"wp","href":"https:\/\/api.w.org\/{rel}","templated":true}]}}